{"id":802,"date":"2024-02-22T22:14:28","date_gmt":"2024-02-22T22:14:28","guid":{"rendered":"https:\/\/nataliapartyrentals.com\/?page_id=802"},"modified":"2024-02-23T21:29:18","modified_gmt":"2024-02-23T21:29:18","slug":"mesas-y-sillas","status":"publish","type":"page","link":"https:\/\/nataliapartyrentals.com\/index.php\/mesas-y-sillas\/","title":{"rendered":"Mesas y sillas"},"content":{"rendered":"\n<h2 class=\"wp-block-heading has-text-align-center\">Mesas y sillas <\/h2>\n\n\n\n<p class=\"has-palette-color-6-color has-aqua-splash-gradient-background has-text-color has-background has-link-color wp-elements-5e07b5262cc371ab4639e56b35eca8db\">Planificar un evento nunca ha sido tan f\u00e1cil. Con nuestra conveniente opci\u00f3n de alquiler de mesas y sillas, puedes dejar atr\u00e1s las preocupaciones log\u00edsticas y concentrarte en disfrutar de tu d\u00eda especial. \u00a1Cont\u00e1ctanos hoy para m\u00e1s informaci\u00f3n! <strong>Tambi\u00e9n contamos con mesas para tus peque\u00f1os, Con nuestras mesas para ni\u00f1os, cada fiesta se convierte en una aventura emocionante. \u00a1D\u00e9jalos jugar, crear y compartir momentos inolvidables en un espacio hecho a su medida. <\/strong><\/p>\n\n\n\n<div class=\"wp-block-columns is-layout-flex wp-container-core-columns-is-layout-28f84493 wp-block-columns-is-layout-flex\">\n<div class=\"wp-block-column is-layout-flow wp-block-column-is-layout-flow\">\n<div class=\"wp-block-stackable-image stk-block-image stk-block stk-dac6997\" data-block-id=\"dac6997\"><figure><span class=\"stk-img-wrapper stk-image--shape-stretch\"><img loading=\"lazy\" decoding=\"async\" class=\"stk-img wp-image-627\" src=\"https:\/\/nataliapartyrentals.com\/wp-content\/uploads\/2024\/02\/WhatsApp-Image-2024-02-20-at-12.44.57-PM.jpeg\" width=\"1200\" height=\"1600\" srcset=\"https:\/\/nataliapartyrentals.com\/wp-content\/uploads\/2024\/02\/WhatsApp-Image-2024-02-20-at-12.44.57-PM.jpeg 1200w, https:\/\/nataliapartyrentals.com\/wp-content\/uploads\/2024\/02\/WhatsApp-Image-2024-02-20-at-12.44.57-PM-225x300.jpeg 225w, https:\/\/nataliapartyrentals.com\/wp-content\/uploads\/2024\/02\/WhatsApp-Image-2024-02-20-at-12.44.57-PM-768x1024.jpeg 768w, https:\/\/nataliapartyrentals.com\/wp-content\/uploads\/2024\/02\/WhatsApp-Image-2024-02-20-at-12.44.57-PM-1152x1536.jpeg 1152w, https:\/\/nataliapartyrentals.com\/wp-content\/uploads\/2024\/02\/WhatsApp-Image-2024-02-20-at-12.44.57-PM-300x400.jpeg 300w, https:\/\/nataliapartyrentals.com\/wp-content\/uploads\/2024\/02\/WhatsApp-Image-2024-02-20-at-12.44.57-PM-600x800.jpeg 600w\" sizes=\"auto, (max-width: 1200px) 100vw, 1200px\" \/><\/span><\/figure><\/div>\n<\/div>\n\n\n\n<div class=\"wp-block-column is-layout-flow wp-block-column-is-layout-flow\">\n<div class=\"wp-block-stackable-image stk-block-image stk-block stk-0c7bb2d\" data-block-id=\"0c7bb2d\"><figure><span class=\"stk-img-wrapper stk-image--shape-stretch\"><img loading=\"lazy\" decoding=\"async\" class=\"stk-img wp-image-717\" src=\"https:\/\/nataliapartyrentals.com\/wp-content\/uploads\/2024\/02\/WhatsApp-Image-2024-02-20-at-12.45.42-PM.jpeg\" width=\"982\" height=\"1600\" srcset=\"https:\/\/nataliapartyrentals.com\/wp-content\/uploads\/2024\/02\/WhatsApp-Image-2024-02-20-at-12.45.42-PM.jpeg 982w, https:\/\/nataliapartyrentals.com\/wp-content\/uploads\/2024\/02\/WhatsApp-Image-2024-02-20-at-12.45.42-PM-184x300.jpeg 184w, https:\/\/nataliapartyrentals.com\/wp-content\/uploads\/2024\/02\/WhatsApp-Image-2024-02-20-at-12.45.42-PM-628x1024.jpeg 628w, https:\/\/nataliapartyrentals.com\/wp-content\/uploads\/2024\/02\/WhatsApp-Image-2024-02-20-at-12.45.42-PM-768x1251.jpeg 768w, https:\/\/nataliapartyrentals.com\/wp-content\/uploads\/2024\/02\/WhatsApp-Image-2024-02-20-at-12.45.42-PM-943x1536.jpeg 943w, https:\/\/nataliapartyrentals.com\/wp-content\/uploads\/2024\/02\/WhatsApp-Image-2024-02-20-at-12.45.42-PM-300x489.jpeg 300w, https:\/\/nataliapartyrentals.com\/wp-content\/uploads\/2024\/02\/WhatsApp-Image-2024-02-20-at-12.45.42-PM-600x978.jpeg 600w\" sizes=\"auto, (max-width: 982px) 100vw, 982px\" \/><\/span><\/figure><\/div>\n<\/div>\n<\/div>\n\n\n\n<div class=\"wp-block-columns is-layout-flex wp-container-core-columns-is-layout-28f84493 wp-block-columns-is-layout-flex\">\n<div class=\"wp-block-column is-layout-flow wp-block-column-is-layout-flow\">\n<div class=\"wp-block-stackable-image stk-block-image stk-block stk-216927b\" data-block-id=\"216927b\"><figure><span class=\"stk-img-wrapper stk-image--shape-stretch\"><img loading=\"lazy\" decoding=\"async\" class=\"stk-img wp-image-884\" src=\"https:\/\/nataliapartyrentals.com\/wp-content\/uploads\/2024\/02\/WhatsApp-Image-2024-02-23-at-3.15.35-PM-2.jpeg\" width=\"1200\" height=\"1600\" srcset=\"https:\/\/nataliapartyrentals.com\/wp-content\/uploads\/2024\/02\/WhatsApp-Image-2024-02-23-at-3.15.35-PM-2.jpeg 1200w, https:\/\/nataliapartyrentals.com\/wp-content\/uploads\/2024\/02\/WhatsApp-Image-2024-02-23-at-3.15.35-PM-2-225x300.jpeg 225w, https:\/\/nataliapartyrentals.com\/wp-content\/uploads\/2024\/02\/WhatsApp-Image-2024-02-23-at-3.15.35-PM-2-768x1024.jpeg 768w, https:\/\/nataliapartyrentals.com\/wp-content\/uploads\/2024\/02\/WhatsApp-Image-2024-02-23-at-3.15.35-PM-2-1152x1536.jpeg 1152w, https:\/\/nataliapartyrentals.com\/wp-content\/uploads\/2024\/02\/WhatsApp-Image-2024-02-23-at-3.15.35-PM-2-300x400.jpeg 300w, https:\/\/nataliapartyrentals.com\/wp-content\/uploads\/2024\/02\/WhatsApp-Image-2024-02-23-at-3.15.35-PM-2-600x800.jpeg 600w\" sizes=\"auto, (max-width: 1200px) 100vw, 1200px\" \/><\/span><\/figure><\/div>\n<\/div>\n<\/div>\n\n\n\n<div class=\"wp-block-columns is-layout-flex wp-container-core-columns-is-layout-28f84493 wp-block-columns-is-layout-flex\">\n<div class=\"wp-block-column is-layout-flow wp-block-column-is-layout-flow\">\n<div class=\"wp-block-stackable-image stk-block-image stk-block stk-ed99395\" data-block-id=\"ed99395\"><figure><span class=\"stk-img-wrapper stk-image--shape-stretch\"><img loading=\"lazy\" decoding=\"async\" class=\"stk-img wp-image-878\" src=\"https:\/\/nataliapartyrentals.com\/wp-content\/uploads\/2024\/02\/WhatsApp-Image-2024-02-23-at-3.15.38-PM-1.jpeg\" width=\"1200\" height=\"1600\" srcset=\"https:\/\/nataliapartyrentals.com\/wp-content\/uploads\/2024\/02\/WhatsApp-Image-2024-02-23-at-3.15.38-PM-1.jpeg 1200w, https:\/\/nataliapartyrentals.com\/wp-content\/uploads\/2024\/02\/WhatsApp-Image-2024-02-23-at-3.15.38-PM-1-225x300.jpeg 225w, https:\/\/nataliapartyrentals.com\/wp-content\/uploads\/2024\/02\/WhatsApp-Image-2024-02-23-at-3.15.38-PM-1-768x1024.jpeg 768w, https:\/\/nataliapartyrentals.com\/wp-content\/uploads\/2024\/02\/WhatsApp-Image-2024-02-23-at-3.15.38-PM-1-1152x1536.jpeg 1152w, https:\/\/nataliapartyrentals.com\/wp-content\/uploads\/2024\/02\/WhatsApp-Image-2024-02-23-at-3.15.38-PM-1-300x400.jpeg 300w, https:\/\/nataliapartyrentals.com\/wp-content\/uploads\/2024\/02\/WhatsApp-Image-2024-02-23-at-3.15.38-PM-1-600x800.jpeg 600w\" sizes=\"auto, (max-width: 1200px) 100vw, 1200px\" \/><\/span><\/figure><\/div>\n<\/div>\n\n\n\n<div class=\"wp-block-column is-layout-flow wp-block-column-is-layout-flow\">\n<div class=\"wp-block-stackable-image stk-block-image stk-block stk-76068e7\" data-block-id=\"76068e7\"><figure><span class=\"stk-img-wrapper stk-image--shape-stretch\"><img loading=\"lazy\" decoding=\"async\" class=\"stk-img wp-image-866\" src=\"https:\/\/nataliapartyrentals.com\/wp-content\/uploads\/2024\/02\/WhatsApp-Image-2024-02-23-at-3.15.47-PM-1.jpeg\" width=\"1080\" height=\"1070\" srcset=\"https:\/\/nataliapartyrentals.com\/wp-content\/uploads\/2024\/02\/WhatsApp-Image-2024-02-23-at-3.15.47-PM-1.jpeg 1080w, https:\/\/nataliapartyrentals.com\/wp-content\/uploads\/2024\/02\/WhatsApp-Image-2024-02-23-at-3.15.47-PM-1-300x297.jpeg 300w, https:\/\/nataliapartyrentals.com\/wp-content\/uploads\/2024\/02\/WhatsApp-Image-2024-02-23-at-3.15.47-PM-1-1024x1015.jpeg 1024w, https:\/\/nataliapartyrentals.com\/wp-content\/uploads\/2024\/02\/WhatsApp-Image-2024-02-23-at-3.15.47-PM-1-150x150.jpeg 150w, https:\/\/nataliapartyrentals.com\/wp-content\/uploads\/2024\/02\/WhatsApp-Image-2024-02-23-at-3.15.47-PM-1-768x761.jpeg 768w, https:\/\/nataliapartyrentals.com\/wp-content\/uploads\/2024\/02\/WhatsApp-Image-2024-02-23-at-3.15.47-PM-1-600x594.jpeg 600w, https:\/\/nataliapartyrentals.com\/wp-content\/uploads\/2024\/02\/WhatsApp-Image-2024-02-23-at-3.15.47-PM-1-100x100.jpeg 100w\" sizes=\"auto, (max-width: 1080px) 100vw, 1080px\" \/><\/span><\/figure><\/div>\n<\/div>\n<\/div>\n\n\n\n<div class=\"wp-block-columns is-layout-flex wp-container-core-columns-is-layout-28f84493 wp-block-columns-is-layout-flex\">\n<div class=\"wp-block-column is-layout-flow wp-block-column-is-layout-flow\">\n<div class=\"wp-block-stackable-image stk-block-image stk-block stk-c8f451f\" data-block-id=\"c8f451f\"><figure><span class=\"stk-img-wrapper stk-image--shape-stretch\"><img loading=\"lazy\" decoding=\"async\" class=\"stk-img wp-image-894\" src=\"https:\/\/nataliapartyrentals.com\/wp-content\/uploads\/2024\/02\/WhatsApp-Image-2024-02-23-at-3.25.22-PM.jpeg\" width=\"960\" height=\"1280\" srcset=\"https:\/\/nataliapartyrentals.com\/wp-content\/uploads\/2024\/02\/WhatsApp-Image-2024-02-23-at-3.25.22-PM.jpeg 960w, https:\/\/nataliapartyrentals.com\/wp-content\/uploads\/2024\/02\/WhatsApp-Image-2024-02-23-at-3.25.22-PM-225x300.jpeg 225w, https:\/\/nataliapartyrentals.com\/wp-content\/uploads\/2024\/02\/WhatsApp-Image-2024-02-23-at-3.25.22-PM-768x1024.jpeg 768w, https:\/\/nataliapartyrentals.com\/wp-content\/uploads\/2024\/02\/WhatsApp-Image-2024-02-23-at-3.25.22-PM-300x400.jpeg 300w, https:\/\/nataliapartyrentals.com\/wp-content\/uploads\/2024\/02\/WhatsApp-Image-2024-02-23-at-3.25.22-PM-600x800.jpeg 600w\" sizes=\"auto, (max-width: 960px) 100vw, 960px\" \/><\/span><\/figure><\/div>\n<\/div>\n<\/div>\n","protected":false},"excerpt":{"rendered":"<p>Mesas y sillas Planificar un evento nunca ha sido tan f\u00e1cil. Con nuestra conveniente opci\u00f3n de alquiler de mesas y sillas, puedes dejar atr\u00e1s las preocupaciones log\u00edsticas y concentrarte en disfrutar de tu d\u00eda especial. \u00a1Cont\u00e1ctanos hoy para m\u00e1s informaci\u00f3n! Tambi\u00e9n contamos con mesas para tus peque\u00f1os, Con nuestras mesas para ni\u00f1os, cada fiesta se [&hellip;]<\/p>\n","protected":false},"author":1,"featured_media":0,"parent":0,"menu_order":0,"comment_status":"closed","ping_status":"closed","template":"","meta":{"footnotes":""},"class_list":["post-802","page","type-page","status-publish","hentry"],"blocksy_meta":[],"featured_image_urls":{"full":"","thumbnail":"","medium":"","medium_large":"","large":"","1536x1536":"","2048x2048":"","woocommerce_archive_thumbnail":"","mailpoet_newsletter_max":"","woocommerce_thumbnail":"","woocommerce_single":"","woocommerce_gallery_thumbnail":""},"post_excerpt_stackable":"<p>Mesas y sillas Planificar un evento nunca ha sido tan f\u00e1cil. Con nuestra conveniente opci\u00f3n de alquiler de mesas y sillas, puedes dejar atr\u00e1s las preocupaciones log\u00edsticas y concentrarte en disfrutar de tu d\u00eda especial. \u00a1Cont\u00e1ctanos hoy para m\u00e1s informaci\u00f3n! Tambi\u00e9n contamos con mesas para tus peque\u00f1os, Con nuestras mesas para ni\u00f1os, cada fiesta se convierte en una aventura emocionante. \u00a1D\u00e9jalos jugar, crear y compartir momentos inolvidables en un espacio hecho a su medida.<\/p>\n","category_list":"","author_info":{"name":"lupita170600","url":"https:\/\/nataliapartyrentals.com\/index.php\/author\/lupita170600\/"},"comments_num":"0 comments","jetpack_sharing_enabled":true,"_links":{"self":[{"href":"https:\/\/nataliapartyrentals.com\/index.php\/wp-json\/wp\/v2\/pages\/802","targetHints":{"allow":["GET"]}}],"collection":[{"href":"https:\/\/nataliapartyrentals.com\/index.php\/wp-json\/wp\/v2\/pages"}],"about":[{"href":"https:\/\/nataliapartyrentals.com\/index.php\/wp-json\/wp\/v2\/types\/page"}],"author":[{"embeddable":true,"href":"https:\/\/nataliapartyrentals.com\/index.php\/wp-json\/wp\/v2\/users\/1"}],"replies":[{"embeddable":true,"href":"https:\/\/nataliapartyrentals.com\/index.php\/wp-json\/wp\/v2\/comments?post=802"}],"version-history":[{"count":8,"href":"https:\/\/nataliapartyrentals.com\/index.php\/wp-json\/wp\/v2\/pages\/802\/revisions"}],"predecessor-version":[{"id":898,"href":"https:\/\/nataliapartyrentals.com\/index.php\/wp-json\/wp\/v2\/pages\/802\/revisions\/898"}],"wp:attachment":[{"href":"https:\/\/nataliapartyrentals.com\/index.php\/wp-json\/wp\/v2\/media?parent=802"}],"curies":[{"name":"wp","href":"https:\/\/api.w.org\/{rel}","templated":true}]}}