{"id":808,"date":"2024-02-22T22:24:05","date_gmt":"2024-02-22T22:24:05","guid":{"rendered":"https:\/\/nataliapartyrentals.com\/?page_id=808"},"modified":"2024-02-26T16:39:08","modified_gmt":"2024-02-26T16:39:08","slug":"carpas","status":"publish","type":"page","link":"https:\/\/nataliapartyrentals.com\/index.php\/carpas\/","title":{"rendered":"Carpas"},"content":{"rendered":"\n<h2 class=\"wp-block-heading has-text-align-center\">Carpas <\/h2>\n\n\n\n<p class=\"has-palette-color-6-color has-love-kiss-gradient-background has-text-color has-background has-link-color wp-elements-635acf86f8e9471c3df2ff84e051e043\">\u00bfEst\u00e1s planeando un evento al aire libre y necesitas un refugio elegante y funcional? No busques m\u00e1s. En Natalia\u00b4s Party Rentals, nos enorgullecemos de ofrecerte una amplia gama de opciones que te ayudar\u00e1n a crear el espacio perfecto para tu ocasi\u00f3n especial.  Tenemos todo lo que necesitas para asegurarte de que tu evento sea un \u00e9xito. Nuestras carpas est\u00e1n fabricadas con materiales duraderos y resistentes, y nuestro equipo est\u00e1 capacitado para garantizar una instalaci\u00f3n segura y eficiente en cualquier lugar. Adem\u00e1s, nuestro compromiso con la satisfacci\u00f3n del cliente significa que estamos aqu\u00ed para ayudarte en cada paso del proceso, desde la selecci\u00f3n de la carpa adecuada hasta la personalizaci\u00f3n del dise\u00f1o y la log\u00edstica del evento. \u00a1Deja que nosotros nos encarguemos de los detalles para que t\u00fa puedas relajarte y disfrutar de tu evento al m\u00e1ximo<\/p>\n\n\n\n<div class=\"wp-block-columns is-layout-flex wp-container-core-columns-is-layout-28f84493 wp-block-columns-is-layout-flex\">\n<div class=\"wp-block-column is-layout-flow wp-block-column-is-layout-flow\">\n<div class=\"wp-block-stackable-image stk-block-image stk-block stk-5ac69e4\" data-block-id=\"5ac69e4\"><figure><span class=\"stk-img-wrapper stk-image--shape-stretch\"><img loading=\"lazy\" decoding=\"async\" class=\"stk-img wp-image-630\" src=\"https:\/\/nataliapartyrentals.com\/wp-content\/uploads\/2024\/02\/WhatsApp-Image-2024-02-20-at-12.45.45-PM.jpeg\" width=\"1600\" height=\"1478\" srcset=\"https:\/\/nataliapartyrentals.com\/wp-content\/uploads\/2024\/02\/WhatsApp-Image-2024-02-20-at-12.45.45-PM.jpeg 1600w, https:\/\/nataliapartyrentals.com\/wp-content\/uploads\/2024\/02\/WhatsApp-Image-2024-02-20-at-12.45.45-PM-300x277.jpeg 300w, https:\/\/nataliapartyrentals.com\/wp-content\/uploads\/2024\/02\/WhatsApp-Image-2024-02-20-at-12.45.45-PM-1024x946.jpeg 1024w, https:\/\/nataliapartyrentals.com\/wp-content\/uploads\/2024\/02\/WhatsApp-Image-2024-02-20-at-12.45.45-PM-768x709.jpeg 768w, https:\/\/nataliapartyrentals.com\/wp-content\/uploads\/2024\/02\/WhatsApp-Image-2024-02-20-at-12.45.45-PM-1536x1419.jpeg 1536w, https:\/\/nataliapartyrentals.com\/wp-content\/uploads\/2024\/02\/WhatsApp-Image-2024-02-20-at-12.45.45-PM-600x554.jpeg 600w\" sizes=\"auto, (max-width: 1600px) 100vw, 1600px\" \/><\/span><\/figure><\/div>\n<\/div>\n\n\n\n<div class=\"wp-block-column is-layout-flow wp-block-column-is-layout-flow\">\n<div class=\"wp-block-stackable-image stk-block-image stk-block stk-d72fd97\" data-block-id=\"d72fd97\"><figure><span class=\"stk-img-wrapper stk-image--shape-stretch\"><img loading=\"lazy\" decoding=\"async\" class=\"stk-img wp-image-742\" src=\"https:\/\/nataliapartyrentals.com\/wp-content\/uploads\/2024\/02\/WhatsApp-Image-2024-02-22-at-12.34.32-PM-1.jpeg\" width=\"1080\" height=\"1080\" srcset=\"https:\/\/nataliapartyrentals.com\/wp-content\/uploads\/2024\/02\/WhatsApp-Image-2024-02-22-at-12.34.32-PM-1.jpeg 1080w, https:\/\/nataliapartyrentals.com\/wp-content\/uploads\/2024\/02\/WhatsApp-Image-2024-02-22-at-12.34.32-PM-1-300x300.jpeg 300w, https:\/\/nataliapartyrentals.com\/wp-content\/uploads\/2024\/02\/WhatsApp-Image-2024-02-22-at-12.34.32-PM-1-1024x1024.jpeg 1024w, https:\/\/nataliapartyrentals.com\/wp-content\/uploads\/2024\/02\/WhatsApp-Image-2024-02-22-at-12.34.32-PM-1-150x150.jpeg 150w, https:\/\/nataliapartyrentals.com\/wp-content\/uploads\/2024\/02\/WhatsApp-Image-2024-02-22-at-12.34.32-PM-1-768x768.jpeg 768w, https:\/\/nataliapartyrentals.com\/wp-content\/uploads\/2024\/02\/WhatsApp-Image-2024-02-22-at-12.34.32-PM-1-600x600.jpeg 600w, https:\/\/nataliapartyrentals.com\/wp-content\/uploads\/2024\/02\/WhatsApp-Image-2024-02-22-at-12.34.32-PM-1-100x100.jpeg 100w\" sizes=\"auto, (max-width: 1080px) 100vw, 1080px\" \/><\/span><\/figure><\/div>\n<\/div>\n<\/div>\n\n\n\n<div class=\"wp-block-columns is-layout-flex wp-container-core-columns-is-layout-28f84493 wp-block-columns-is-layout-flex\">\n<div class=\"wp-block-column is-layout-flow wp-block-column-is-layout-flow\">\n<div class=\"wp-block-stackable-image stk-block-image stk-block stk-5050156\" data-block-id=\"5050156\"><figure><span class=\"stk-img-wrapper stk-image--shape-stretch\"><img loading=\"lazy\" decoding=\"async\" class=\"stk-img wp-image-868\" src=\"https:\/\/nataliapartyrentals.com\/wp-content\/uploads\/2024\/02\/WhatsApp-Image-2024-02-23-at-3.15.46-PM-2.jpeg\" width=\"1200\" height=\"1600\" srcset=\"https:\/\/nataliapartyrentals.com\/wp-content\/uploads\/2024\/02\/WhatsApp-Image-2024-02-23-at-3.15.46-PM-2.jpeg 1200w, https:\/\/nataliapartyrentals.com\/wp-content\/uploads\/2024\/02\/WhatsApp-Image-2024-02-23-at-3.15.46-PM-2-225x300.jpeg 225w, https:\/\/nataliapartyrentals.com\/wp-content\/uploads\/2024\/02\/WhatsApp-Image-2024-02-23-at-3.15.46-PM-2-768x1024.jpeg 768w, https:\/\/nataliapartyrentals.com\/wp-content\/uploads\/2024\/02\/WhatsApp-Image-2024-02-23-at-3.15.46-PM-2-1152x1536.jpeg 1152w, https:\/\/nataliapartyrentals.com\/wp-content\/uploads\/2024\/02\/WhatsApp-Image-2024-02-23-at-3.15.46-PM-2-300x400.jpeg 300w, https:\/\/nataliapartyrentals.com\/wp-content\/uploads\/2024\/02\/WhatsApp-Image-2024-02-23-at-3.15.46-PM-2-600x800.jpeg 600w\" sizes=\"auto, (max-width: 1200px) 100vw, 1200px\" \/><\/span><\/figure><\/div>\n<\/div>\n<\/div>\n\n\n\n<div class=\"wp-block-columns is-layout-flex wp-container-core-columns-is-layout-28f84493 wp-block-columns-is-layout-flex\">\n<div class=\"wp-block-column is-layout-flow wp-block-column-is-layout-flow\">\n<div class=\"wp-block-stackable-image stk-block-image stk-block stk-ea82af6\" data-block-id=\"ea82af6\"><figure><span class=\"stk-img-wrapper stk-image--shape-stretch\"><img loading=\"lazy\" decoding=\"async\" class=\"stk-img wp-image-890\" src=\"https:\/\/nataliapartyrentals.com\/wp-content\/uploads\/2024\/02\/WhatsApp-Image-2024-02-23-at-3.15.16-PM-1.jpeg\" width=\"1200\" height=\"1600\" srcset=\"https:\/\/nataliapartyrentals.com\/wp-content\/uploads\/2024\/02\/WhatsApp-Image-2024-02-23-at-3.15.16-PM-1.jpeg 1200w, https:\/\/nataliapartyrentals.com\/wp-content\/uploads\/2024\/02\/WhatsApp-Image-2024-02-23-at-3.15.16-PM-1-225x300.jpeg 225w, https:\/\/nataliapartyrentals.com\/wp-content\/uploads\/2024\/02\/WhatsApp-Image-2024-02-23-at-3.15.16-PM-1-768x1024.jpeg 768w, https:\/\/nataliapartyrentals.com\/wp-content\/uploads\/2024\/02\/WhatsApp-Image-2024-02-23-at-3.15.16-PM-1-1152x1536.jpeg 1152w, https:\/\/nataliapartyrentals.com\/wp-content\/uploads\/2024\/02\/WhatsApp-Image-2024-02-23-at-3.15.16-PM-1-300x400.jpeg 300w, https:\/\/nataliapartyrentals.com\/wp-content\/uploads\/2024\/02\/WhatsApp-Image-2024-02-23-at-3.15.16-PM-1-600x800.jpeg 600w\" sizes=\"auto, (max-width: 1200px) 100vw, 1200px\" \/><\/span><\/figure><\/div>\n<\/div>\n\n\n\n<div class=\"wp-block-column is-layout-flow wp-block-column-is-layout-flow\">\n<div class=\"wp-block-stackable-image stk-block-image stk-block stk-9333b3e\" data-block-id=\"9333b3e\"><figure><span class=\"stk-img-wrapper stk-image--shape-stretch\"><img loading=\"lazy\" decoding=\"async\" class=\"stk-img wp-image-864\" src=\"https:\/\/nataliapartyrentals.com\/wp-content\/uploads\/2024\/02\/WhatsApp-Image-2024-02-23-at-3.15.52-PM.jpeg\" width=\"1599\" height=\"1599\" srcset=\"https:\/\/nataliapartyrentals.com\/wp-content\/uploads\/2024\/02\/WhatsApp-Image-2024-02-23-at-3.15.52-PM.jpeg 1599w, https:\/\/nataliapartyrentals.com\/wp-content\/uploads\/2024\/02\/WhatsApp-Image-2024-02-23-at-3.15.52-PM-300x300.jpeg 300w, https:\/\/nataliapartyrentals.com\/wp-content\/uploads\/2024\/02\/WhatsApp-Image-2024-02-23-at-3.15.52-PM-1024x1024.jpeg 1024w, https:\/\/nataliapartyrentals.com\/wp-content\/uploads\/2024\/02\/WhatsApp-Image-2024-02-23-at-3.15.52-PM-150x150.jpeg 150w, https:\/\/nataliapartyrentals.com\/wp-content\/uploads\/2024\/02\/WhatsApp-Image-2024-02-23-at-3.15.52-PM-768x768.jpeg 768w, https:\/\/nataliapartyrentals.com\/wp-content\/uploads\/2024\/02\/WhatsApp-Image-2024-02-23-at-3.15.52-PM-1536x1536.jpeg 1536w, https:\/\/nataliapartyrentals.com\/wp-content\/uploads\/2024\/02\/WhatsApp-Image-2024-02-23-at-3.15.52-PM-1320x1320.jpeg 1320w, https:\/\/nataliapartyrentals.com\/wp-content\/uploads\/2024\/02\/WhatsApp-Image-2024-02-23-at-3.15.52-PM-600x600.jpeg 600w, https:\/\/nataliapartyrentals.com\/wp-content\/uploads\/2024\/02\/WhatsApp-Image-2024-02-23-at-3.15.52-PM-100x100.jpeg 100w\" sizes=\"auto, (max-width: 1599px) 100vw, 1599px\" \/><\/span><\/figure><\/div>\n<\/div>\n<\/div>\n\n\n\n<div class=\"wp-block-stackable-image stk-block-image stk-block stk-82e6104\" data-block-id=\"82e6104\"><figure><span class=\"stk-img-wrapper stk-image--shape-stretch\"><img loading=\"lazy\" decoding=\"async\" class=\"stk-img wp-image-944\" src=\"https:\/\/nataliapartyrentals.com\/wp-content\/uploads\/2024\/02\/WhatsApp-Image-2024-02-26-at-9.48.13-AM.jpeg\" width=\"1200\" height=\"1600\" srcset=\"https:\/\/nataliapartyrentals.com\/wp-content\/uploads\/2024\/02\/WhatsApp-Image-2024-02-26-at-9.48.13-AM.jpeg 1200w, https:\/\/nataliapartyrentals.com\/wp-content\/uploads\/2024\/02\/WhatsApp-Image-2024-02-26-at-9.48.13-AM-225x300.jpeg 225w, https:\/\/nataliapartyrentals.com\/wp-content\/uploads\/2024\/02\/WhatsApp-Image-2024-02-26-at-9.48.13-AM-768x1024.jpeg 768w, https:\/\/nataliapartyrentals.com\/wp-content\/uploads\/2024\/02\/WhatsApp-Image-2024-02-26-at-9.48.13-AM-1152x1536.jpeg 1152w, https:\/\/nataliapartyrentals.com\/wp-content\/uploads\/2024\/02\/WhatsApp-Image-2024-02-26-at-9.48.13-AM-300x400.jpeg 300w, https:\/\/nataliapartyrentals.com\/wp-content\/uploads\/2024\/02\/WhatsApp-Image-2024-02-26-at-9.48.13-AM-600x800.jpeg 600w\" sizes=\"auto, (max-width: 1200px) 100vw, 1200px\" \/><\/span><\/figure><\/div>\n","protected":false},"excerpt":{"rendered":"<p>Carpas \u00bfEst\u00e1s planeando un evento al aire libre y necesitas un refugio elegante y funcional? No busques m\u00e1s. En Natalia\u00b4s Party Rentals, nos enorgullecemos de ofrecerte una amplia gama de opciones que te ayudar\u00e1n a crear el espacio perfecto para tu ocasi\u00f3n especial. Tenemos todo lo que necesitas para asegurarte de que tu evento sea [&hellip;]<\/p>\n","protected":false},"author":1,"featured_media":0,"parent":0,"menu_order":0,"comment_status":"closed","ping_status":"closed","template":"","meta":{"footnotes":""},"class_list":["post-808","page","type-page","status-publish","hentry"],"blocksy_meta":[],"featured_image_urls":{"full":"","thumbnail":"","medium":"","medium_large":"","large":"","1536x1536":"","2048x2048":"","woocommerce_archive_thumbnail":"","mailpoet_newsletter_max":"","woocommerce_thumbnail":"","woocommerce_single":"","woocommerce_gallery_thumbnail":""},"post_excerpt_stackable":"<p>Carpas \u00bfEst\u00e1s planeando un evento al aire libre y necesitas un refugio elegante y funcional? No busques m\u00e1s. En Natalia\u00b4s Party Rentals, nos enorgullecemos de ofrecerte una amplia gama de opciones que te ayudar\u00e1n a crear el espacio perfecto para tu ocasi\u00f3n especial. Tenemos todo lo que necesitas para asegurarte de que tu evento sea un \u00e9xito. Nuestras carpas est\u00e1n fabricadas con materiales duraderos y resistentes, y nuestro equipo est\u00e1 capacitado para garantizar una instalaci\u00f3n segura y eficiente en cualquier lugar. Adem\u00e1s, nuestro compromiso con la satisfacci\u00f3n del cliente significa que estamos aqu\u00ed para ayudarte en cada paso del proceso,&hellip;<\/p>\n","category_list":"","author_info":{"name":"lupita170600","url":"https:\/\/nataliapartyrentals.com\/index.php\/author\/lupita170600\/"},"comments_num":"0 comments","jetpack_sharing_enabled":true,"_links":{"self":[{"href":"https:\/\/nataliapartyrentals.com\/index.php\/wp-json\/wp\/v2\/pages\/808","targetHints":{"allow":["GET"]}}],"collection":[{"href":"https:\/\/nataliapartyrentals.com\/index.php\/wp-json\/wp\/v2\/pages"}],"about":[{"href":"https:\/\/nataliapartyrentals.com\/index.php\/wp-json\/wp\/v2\/types\/page"}],"author":[{"embeddable":true,"href":"https:\/\/nataliapartyrentals.com\/index.php\/wp-json\/wp\/v2\/users\/1"}],"replies":[{"embeddable":true,"href":"https:\/\/nataliapartyrentals.com\/index.php\/wp-json\/wp\/v2\/comments?post=808"}],"version-history":[{"count":5,"href":"https:\/\/nataliapartyrentals.com\/index.php\/wp-json\/wp\/v2\/pages\/808\/revisions"}],"predecessor-version":[{"id":946,"href":"https:\/\/nataliapartyrentals.com\/index.php\/wp-json\/wp\/v2\/pages\/808\/revisions\/946"}],"wp:attachment":[{"href":"https:\/\/nataliapartyrentals.com\/index.php\/wp-json\/wp\/v2\/media?parent=808"}],"curies":[{"name":"wp","href":"https:\/\/api.w.org\/{rel}","templated":true}]}}