{"id":815,"date":"2024-02-22T22:27:23","date_gmt":"2024-02-22T22:27:23","guid":{"rendered":"https:\/\/nataliapartyrentals.com\/?page_id=815"},"modified":"2024-02-23T23:04:54","modified_gmt":"2024-02-23T23:04:54","slug":"servicio-2","status":"publish","type":"page","link":"https:\/\/nataliapartyrentals.com\/index.php\/servicio-2\/","title":{"rendered":"Servicio"},"content":{"rendered":"\n<h2 class=\"wp-block-heading\">Servicios<\/h2>\n\n\n\n<div class=\"wp-block-columns is-layout-flex wp-container-core-columns-is-layout-28f84493 wp-block-columns-is-layout-flex\">\n<div class=\"wp-block-column is-layout-flow wp-block-column-is-layout-flow\">\n<h2 class=\"wp-block-heading has-palette-color-7-color has-text-color has-link-color wp-elements-4c24df1238308ff90827c8c833217d44\">Misi\u00f3n<\/h2>\n\n\n\n<p>Somos una empresa con la que puedes tener la seguridad que el cliente es nuestra prioridad con el que queremos tener una relaci\u00f3n de amistad m\u00e1s que laboral, que te podamos brindar el mejor servicio y puntualidad. <\/p>\n\n\n\n<p>Con nuestros inflables los peque\u00f1os tendr\u00e1n horas de entretenimiento y tu tendr\u00e1s la confianza que est\u00e1n limpios y debidamente sanitizados, con nuestras carpas no tienes que preocuparte de las inclemencias del tiempo nuestras mesas y sillas previamente sanitizadas.   <\/p>\n<\/div>\n\n\n\n<div class=\"wp-block-column is-layout-flow wp-block-column-is-layout-flow\">\n<h2 class=\"wp-block-heading has-palette-color-7-color has-text-color has-link-color wp-elements-b73f78a3e8f5bdf8e1b620d6d11c2c6c\">Visi\u00f3n <\/h2>\n\n\n\n<div class=\"wp-block-stackable-text stk-block-text stk-block stk-a3ce407\" data-block-id=\"a3ce407\"><p class=\"stk-block-text__text\">Lograr ser una empresa l\u00edder en el mercado, donde nos podamos encargar  de cualquier tipo de evento en \u00e1reas cerradas o al aire libre donde el estr\u00e9s que pueda causar organizar un evento no sea ning\u00fan problema para ti. <\/p><\/div>\n\n\n\n<div class=\"wp-block-stackable-text stk-block-text stk-block stk-3c1a54b\" data-block-id=\"3c1a54b\"><p class=\"stk-block-text__text\">Que durante esos d\u00edas de lluvia que no puedas llevar a tus peque\u00f1os a los parques los lleves con nosotros a nuestra \u00e1rea recreativa de inflables, que aparte de diversi\u00f3n garantizada podr\u00e1s disfrutar desde un helado hasta cualquier exigencia de tu paladar.  <\/p><\/div>\n<\/div>\n<\/div>\n\n\n\n<p><\/p>\n\n\n\n<p><\/p>\n\n\n\n<p><\/p>\n\n\n\n<p><\/p>\n\n\n\n<div class=\"wp-block-columns is-layout-flex wp-container-core-columns-is-layout-51c0b34d wp-block-columns-is-layout-flex\" style=\"padding-top:var(--wp--preset--spacing--50);padding-bottom:var(--wp--preset--spacing--50)\">\n<div class=\"wp-block-column is-layout-flow wp-block-column-is-layout-flow\">\n<div class=\"wp-block-stackable-image stk-block-image stk-block stk-f70d836\" data-block-id=\"f70d836\"><style>.stk-f70d836{margin-bottom:1px !important}<\/style><figure><span class=\"stk-img-wrapper stk-image--shape-stretch\"><img loading=\"lazy\" decoding=\"async\" class=\"stk-img wp-image-823\" src=\"https:\/\/nataliapartyrentals.com\/wp-content\/uploads\/2024\/02\/WhatsApp-Image-2024-02-23-at-2.35.37-PM.jpeg\" width=\"1280\" height=\"1248\" srcset=\"https:\/\/nataliapartyrentals.com\/wp-content\/uploads\/2024\/02\/WhatsApp-Image-2024-02-23-at-2.35.37-PM.jpeg 1280w, https:\/\/nataliapartyrentals.com\/wp-content\/uploads\/2024\/02\/WhatsApp-Image-2024-02-23-at-2.35.37-PM-300x293.jpeg 300w, https:\/\/nataliapartyrentals.com\/wp-content\/uploads\/2024\/02\/WhatsApp-Image-2024-02-23-at-2.35.37-PM-1024x998.jpeg 1024w, https:\/\/nataliapartyrentals.com\/wp-content\/uploads\/2024\/02\/WhatsApp-Image-2024-02-23-at-2.35.37-PM-768x749.jpeg 768w, https:\/\/nataliapartyrentals.com\/wp-content\/uploads\/2024\/02\/WhatsApp-Image-2024-02-23-at-2.35.37-PM-600x585.jpeg 600w\" sizes=\"auto, (max-width: 1280px) 100vw, 1280px\" \/><\/span><\/figure><\/div>\n\n\n\n<div class=\"wp-block-stackable-button-group stk-block-button-group stk-block stk-412a7f0\" data-block-id=\"412a7f0\"><div class=\"stk-row stk-inner-blocks has-text-align-center stk-block-content stk-button-group\">\n<div class=\"wp-block-stackable-button stk-block-button is-style-plain stk-block stk-5222fa6\" data-block-id=\"5222fa6\"><style>.stk-5222fa6 .stk-button{padding-top:0px !important;padding-right:0px !important;padding-bottom:0px !important;padding-left:0px !important;background:transparent !important}.stk-5222fa6 .stk-button:hover:after{background:transparent !important;opacity:1 !important}:where(.stk-hover-parent:hover,.stk-hover-parent.stk--is-hovered) .stk-5222fa6 .stk-button:after{background:transparent !important;opacity:1 !important}.stk-5222fa6 .stk-button__inner-text{font-size:18px !important;font-weight:700 !important}@media screen and (max-width:1023px){.stk-5222fa6 .stk-button__inner-text{font-size:18px !important}}<\/style><a class=\"stk-link stk-button stk--hover-effect-darken\" href=\"https:\/\/nataliapartyrentals.com\/index.php\/servicio\/\"><span class=\"has-palette-color-4-color stk-button__inner-text\">Ir<\/span><\/a><\/div>\n<\/div><\/div>\n<\/div>\n\n\n\n<div class=\"wp-block-column is-layout-flow wp-block-column-is-layout-flow\">\n<div class=\"wp-block-stackable-image stk-block-image stk-block stk-2e3a033\" data-block-id=\"2e3a033\"><style>.stk-2e3a033{margin-bottom:2px !important}<\/style><figure><span class=\"stk-img-wrapper stk-image--shape-stretch\"><img loading=\"lazy\" decoding=\"async\" class=\"stk-img wp-image-824\" src=\"https:\/\/nataliapartyrentals.com\/wp-content\/uploads\/2024\/02\/WhatsApp-Image-2024-02-23-at-2.37.40-PM.jpeg\" width=\"1280\" height=\"1280\" srcset=\"https:\/\/nataliapartyrentals.com\/wp-content\/uploads\/2024\/02\/WhatsApp-Image-2024-02-23-at-2.37.40-PM.jpeg 1280w, https:\/\/nataliapartyrentals.com\/wp-content\/uploads\/2024\/02\/WhatsApp-Image-2024-02-23-at-2.37.40-PM-300x300.jpeg 300w, https:\/\/nataliapartyrentals.com\/wp-content\/uploads\/2024\/02\/WhatsApp-Image-2024-02-23-at-2.37.40-PM-1024x1024.jpeg 1024w, https:\/\/nataliapartyrentals.com\/wp-content\/uploads\/2024\/02\/WhatsApp-Image-2024-02-23-at-2.37.40-PM-150x150.jpeg 150w, https:\/\/nataliapartyrentals.com\/wp-content\/uploads\/2024\/02\/WhatsApp-Image-2024-02-23-at-2.37.40-PM-768x768.jpeg 768w, https:\/\/nataliapartyrentals.com\/wp-content\/uploads\/2024\/02\/WhatsApp-Image-2024-02-23-at-2.37.40-PM-600x600.jpeg 600w, https:\/\/nataliapartyrentals.com\/wp-content\/uploads\/2024\/02\/WhatsApp-Image-2024-02-23-at-2.37.40-PM-100x100.jpeg 100w\" sizes=\"auto, (max-width: 1280px) 100vw, 1280px\" \/><\/span><\/figure><\/div>\n\n\n\n<div class=\"wp-block-stackable-button-group stk-block-button-group stk-block stk-b1e1c9f\" data-block-id=\"b1e1c9f\"><div class=\"stk-row stk-inner-blocks has-text-align-center stk-block-content stk-button-group\">\n<div class=\"wp-block-stackable-button stk-block-button is-style-plain stk-block stk-dde220a\" data-block-id=\"dde220a\"><style>.stk-dde220a .stk-button{padding-top:0px !important;padding-right:0px !important;padding-bottom:0px !important;padding-left:0px !important;background:transparent !important}.stk-dde220a .stk-button:hover:after{background:transparent !important;opacity:1 !important}:where(.stk-hover-parent:hover,.stk-hover-parent.stk--is-hovered) .stk-dde220a .stk-button:after{background:transparent !important;opacity:1 !important}.stk-dde220a .stk-button__inner-text{font-size:18px !important;font-weight:700 !important}@media screen and (max-width:1023px){.stk-dde220a .stk-button__inner-text{font-size:18px !important}}<\/style><a class=\"stk-link stk-button stk--hover-effect-darken\" href=\"https:\/\/nataliapartyrentals.com\/index.php\/carpas\/\"><span class=\"has-palette-color-4-color stk-button__inner-text\">Ir<\/span><\/a><\/div>\n<\/div><\/div>\n<\/div>\n<\/div>\n\n\n\n<div class=\"wp-block-columns is-layout-flex wp-container-core-columns-is-layout-28f84493 wp-block-columns-is-layout-flex\">\n<div class=\"wp-block-column is-layout-flow wp-block-column-is-layout-flow\">\n<div class=\"wp-block-stackable-image stk-block-image stk-block stk-2979c46\" data-block-id=\"2979c46\"><style>.stk-2979c46{margin-bottom:3px !important}<\/style><figure><span class=\"stk-img-wrapper stk-image--shape-stretch\"><img loading=\"lazy\" decoding=\"async\" class=\"stk-img wp-image-825\" src=\"https:\/\/nataliapartyrentals.com\/wp-content\/uploads\/2024\/02\/WhatsApp-Image-2024-02-23-at-2.41.59-PM.jpeg\" width=\"959\" height=\"1280\" srcset=\"https:\/\/nataliapartyrentals.com\/wp-content\/uploads\/2024\/02\/WhatsApp-Image-2024-02-23-at-2.41.59-PM.jpeg 959w, https:\/\/nataliapartyrentals.com\/wp-content\/uploads\/2024\/02\/WhatsApp-Image-2024-02-23-at-2.41.59-PM-225x300.jpeg 225w, https:\/\/nataliapartyrentals.com\/wp-content\/uploads\/2024\/02\/WhatsApp-Image-2024-02-23-at-2.41.59-PM-767x1024.jpeg 767w, https:\/\/nataliapartyrentals.com\/wp-content\/uploads\/2024\/02\/WhatsApp-Image-2024-02-23-at-2.41.59-PM-768x1025.jpeg 768w, https:\/\/nataliapartyrentals.com\/wp-content\/uploads\/2024\/02\/WhatsApp-Image-2024-02-23-at-2.41.59-PM-300x400.jpeg 300w, https:\/\/nataliapartyrentals.com\/wp-content\/uploads\/2024\/02\/WhatsApp-Image-2024-02-23-at-2.41.59-PM-600x801.jpeg 600w\" sizes=\"auto, (max-width: 959px) 100vw, 959px\" \/><\/span><\/figure><\/div>\n\n\n\n<div class=\"wp-block-stackable-button-group stk-block-button-group stk-block stk-73018c5\" data-block-id=\"73018c5\"><div class=\"stk-row stk-inner-blocks has-text-align-center stk-block-content stk-button-group\">\n<div class=\"wp-block-stackable-button stk-block-button is-style-plain stk-block stk-d568d35\" data-block-id=\"d568d35\"><style>.stk-d568d35 .stk-button{padding-top:0px !important;padding-right:0px !important;padding-bottom:0px !important;padding-left:0px !important;background:transparent !important}.stk-d568d35 .stk-button:hover:after{background:transparent !important;opacity:1 !important}:where(.stk-hover-parent:hover,.stk-hover-parent.stk--is-hovered) .stk-d568d35 .stk-button:after{background:transparent !important;opacity:1 !important}.stk-d568d35 .stk-button__inner-text{font-size:18px !important;font-weight:700 !important}@media screen and (max-width:1023px){.stk-d568d35 .stk-button__inner-text{font-size:18px !important}}<\/style><a class=\"stk-link stk-button stk--hover-effect-darken\" href=\"https:\/\/nataliapartyrentals.com\/index.php\/mesas-y-sillas\/\"><span class=\"has-palette-color-4-color stk-button__inner-text\">Ir<\/span><\/a><\/div>\n<\/div><\/div>\n<\/div>\n\n\n\n<div class=\"wp-block-column is-layout-flow wp-block-column-is-layout-flow\"><\/div>\n<\/div>\n","protected":false},"excerpt":{"rendered":"<p>Servicios Misi\u00f3n Somos una empresa con la que puedes tener la seguridad que el cliente es nuestra prioridad con el que queremos tener una relaci\u00f3n de amistad m\u00e1s que laboral, que te podamos brindar el mejor servicio y puntualidad. Con nuestros inflables los peque\u00f1os tendr\u00e1n horas de entretenimiento y tu tendr\u00e1s la confianza que est\u00e1n [&hellip;]<\/p>\n","protected":false},"author":1,"featured_media":0,"parent":0,"menu_order":0,"comment_status":"closed","ping_status":"closed","template":"","meta":{"footnotes":""},"class_list":["post-815","page","type-page","status-publish","hentry"],"blocksy_meta":[],"featured_image_urls":{"full":"","thumbnail":"","medium":"","medium_large":"","large":"","1536x1536":"","2048x2048":"","woocommerce_archive_thumbnail":"","mailpoet_newsletter_max":"","woocommerce_thumbnail":"","woocommerce_single":"","woocommerce_gallery_thumbnail":""},"post_excerpt_stackable":"<p>Servicios Misi\u00f3n Somos una empresa con la que puedes tener la seguridad que el cliente es nuestra prioridad con el que queremos tener una relaci\u00f3n de amistad m\u00e1s que laboral, que te podamos brindar el mejor servicio y puntualidad. Con nuestros inflables los peque\u00f1os tendr\u00e1n horas de entretenimiento y tu tendr\u00e1s la confianza que est\u00e1n limpios y debidamente sanitizados, con nuestras carpas no tienes que preocuparte de las inclemencias del tiempo nuestras mesas y sillas previamente sanitizadas. Visi\u00f3n Lograr ser una empresa l\u00edder en el mercado, donde nos podamos encargar de cualquier tipo de evento en \u00e1reas cerradas o al&hellip;<\/p>\n","category_list":"","author_info":{"name":"lupita170600","url":"https:\/\/nataliapartyrentals.com\/index.php\/author\/lupita170600\/"},"comments_num":"0 comments","jetpack_sharing_enabled":true,"_links":{"self":[{"href":"https:\/\/nataliapartyrentals.com\/index.php\/wp-json\/wp\/v2\/pages\/815","targetHints":{"allow":["GET"]}}],"collection":[{"href":"https:\/\/nataliapartyrentals.com\/index.php\/wp-json\/wp\/v2\/pages"}],"about":[{"href":"https:\/\/nataliapartyrentals.com\/index.php\/wp-json\/wp\/v2\/types\/page"}],"author":[{"embeddable":true,"href":"https:\/\/nataliapartyrentals.com\/index.php\/wp-json\/wp\/v2\/users\/1"}],"replies":[{"embeddable":true,"href":"https:\/\/nataliapartyrentals.com\/index.php\/wp-json\/wp\/v2\/comments?post=815"}],"version-history":[{"count":12,"href":"https:\/\/nataliapartyrentals.com\/index.php\/wp-json\/wp\/v2\/pages\/815\/revisions"}],"predecessor-version":[{"id":932,"href":"https:\/\/nataliapartyrentals.com\/index.php\/wp-json\/wp\/v2\/pages\/815\/revisions\/932"}],"wp:attachment":[{"href":"https:\/\/nataliapartyrentals.com\/index.php\/wp-json\/wp\/v2\/media?parent=815"}],"curies":[{"name":"wp","href":"https:\/\/api.w.org\/{rel}","templated":true}]}}